{"id":1251,"date":"2023-08-13T07:34:13","date_gmt":"2023-08-13T07:34:13","guid":{"rendered":"http:\/\/eryamansanat.com\/?page_id=1251"},"modified":"2023-08-13T07:47:22","modified_gmt":"2023-08-13T07:47:22","slug":"guzel-sanatlar-liselerine-hazirlik","status":"publish","type":"page","link":"https:\/\/eryamansanat.com\/?page_id=1251","title":{"rendered":"G\u00fczel Sanatlar Liselerine Haz\u0131rl\u0131k"},"content":{"rendered":"<section class=\"wpb-content-wrapper\"><p>[vc_row css=&#8221;.vc_custom_1691912817868{margin-top: -64px !important;}&#8221;][vc_column][vc_column_text]<\/p>\n<h3 style=\"text-align: center;\"><strong>G\u00fczel Sanatlar Liselerine Haz\u0131rl\u0131k<\/strong><\/h3>\n<p>[\/vc_column_text][vc_empty_space height=&#8221;64px&#8221; hide_on_mobile=&#8221;&#8221;][vc_column_text]G\u00fczel Sanatlar Liselerine giri\u015f i\u00e7in \u00f6\u011frenci adaylar\u0131n\u0131n yetenek s\u0131navlar\u0131na girmeleri gerekir. B\u00fcnyelerine yaln\u0131zca 30 (Otuz) ki\u015filik kontenjan ile \u00f6\u011frenci al\u0131m\u0131 yapan g\u00fczel sanatlar liselerinin yetenek s\u0131navlar\u0131 iki a\u015famal\u0131d\u0131r. G\u00fczel Sanatlar Liselerine haz\u0131rlanan \u00f6\u011frenci adaylar\u0131m\u0131z ile ;<\/p>\n<p>\u2013 \u00d6l\u00e7\u00fc al\u0131m\u0131 ve uygulamas\u0131<\/p>\n<p>\u2013 Oran-orant\u0131 (Proporsiyon)<\/p>\n<p>\u2013 Obje \u00e7izimi (Nat\u00fcrmort)<\/p>\n<p>\u2013 Canl\u0131 model \u00e7al\u0131\u015f\u0131lmaktad\u0131r.[\/vc_column_text][vc_empty_space height=&#8221;64px&#8221; hide_on_mobile=&#8221;&#8221;][vc_single_image image=&#8221;1212&#8243; img_size=&#8221;full&#8221; alignment=&#8221;center&#8221;][\/vc_column][\/vc_row]<\/p>\n<\/section>","protected":false},"excerpt":{"rendered":"<p>[vc_row css=&#8221;.vc_custom_1691912817868{margin-top: -64px !important;}&#8221;][vc_column][vc_column_text] G\u00fczel Sanatlar Liselerine Haz\u0131rl\u0131k [\/vc_column_text][vc_empty_space height=&#8221;64px&#8221; hide_on_mobile=&#8221;&#8221;][vc_column_text]G\u00fczel Sanatlar Liselerine giri\u015f i\u00e7in \u00f6\u011frenci adaylar\u0131n\u0131n yetenek s\u0131navlar\u0131na girmeleri gerekir. B\u00fcnyelerine yaln\u0131zca 30 (Otuz) ki\u015filik kontenjan ile \u00f6\u011frenci al\u0131m\u0131 yapan g\u00fczel sanatlar liselerinin yetenek s\u0131navlar\u0131 iki a\u015famal\u0131d\u0131r. G\u00fczel Sanatlar Liselerine haz\u0131rlanan \u00f6\u011frenci adaylar\u0131m\u0131z ile ; \u2013 \u00d6l\u00e7\u00fc al\u0131m\u0131 ve uygulamas\u0131 \u2013 Oran-orant\u0131 (Proporsiyon) \u2013 Obje \u00e7izimi (Nat\u00fcrmort) \u2013 Canl\u0131 model \u00e7al\u0131\u015f\u0131lmaktad\u0131r.[\/vc_column_text][vc_empty_space height=&#8221;64px&#8221; hide_on_mobile=&#8221;&#8221;][vc_single_image image=&#8221;1212&#8243; img_size=&#8221;full&#8221; alignment=&#8221;center&#8221;][\/vc_column][\/vc_row]<\/p>\n","protected":false},"author":1,"featured_media":1212,"parent":0,"menu_order":0,"comment_status":"closed","ping_status":"closed","template":"","meta":{"footnotes":""},"class_list":["post-1251","page","type-page","status-publish","has-post-thumbnail","hentry"],"_links":{"self":[{"href":"https:\/\/eryamansanat.com\/index.php?rest_route=\/wp\/v2\/pages\/1251","targetHints":{"allow":["GET"]}}],"collection":[{"href":"https:\/\/eryamansanat.com\/index.php?rest_route=\/wp\/v2\/pages"}],"about":[{"href":"https:\/\/eryamansanat.com\/index.php?rest_route=\/wp\/v2\/types\/page"}],"author":[{"embeddable":true,"href":"https:\/\/eryamansanat.com\/index.php?rest_route=\/wp\/v2\/users\/1"}],"replies":[{"embeddable":true,"href":"https:\/\/eryamansanat.com\/index.php?rest_route=%2Fwp%2Fv2%2Fcomments&post=1251"}],"version-history":[{"count":3,"href":"https:\/\/eryamansanat.com\/index.php?rest_route=\/wp\/v2\/pages\/1251\/revisions"}],"predecessor-version":[{"id":1255,"href":"https:\/\/eryamansanat.com\/index.php?rest_route=\/wp\/v2\/pages\/1251\/revisions\/1255"}],"wp:featuredmedia":[{"embeddable":true,"href":"https:\/\/eryamansanat.com\/index.php?rest_route=\/wp\/v2\/media\/1212"}],"wp:attachment":[{"href":"https:\/\/eryamansanat.com\/index.php?rest_route=%2Fwp%2Fv2%2Fmedia&parent=1251"}],"curies":[{"name":"wp","href":"https:\/\/api.w.org\/{rel}","templated":true}]}}