{"id":1256,"date":"2023-08-13T07:51:08","date_gmt":"2023-08-13T07:51:08","guid":{"rendered":"http:\/\/eryamansanat.com\/?page_id=1256"},"modified":"2023-08-13T07:52:17","modified_gmt":"2023-08-13T07:52:17","slug":"guzel-sanatlar-fakultelerine-hazirlik","status":"publish","type":"page","link":"https:\/\/eryamansanat.com\/?page_id=1256","title":{"rendered":"G\u00fczel Sanatlar Fak\u00fcltelerine Haz\u0131rl\u0131k"},"content":{"rendered":"<section class=\"wpb-content-wrapper\"><p>[vc_row css=&#8221;.vc_custom_1691912931179{margin-top: -64px !important;}&#8221;][vc_column][vc_column_text]<\/p>\n<h3 style=\"text-align: center;\"><strong>G\u00fczel Sanatlar Fak\u00fcltelerine Haz\u0131rl\u0131k<\/strong><\/h3>\n<p>[\/vc_column_text][vc_empty_space height=&#8221;64px&#8221; hide_on_mobile=&#8221;&#8221;][vc_column_text]G\u00fczel sanatlar fak\u00fclteleri kendi b\u00fcnyesinde a\u00e7\u0131klad\u0131\u011f\u0131 \u00d6SS taban puan\u0131n\u0131n yan\u0131s\u0131ra \u00fc\u00e7 a\u015famal\u0131 yetenek s\u0131nav\u0131 ile \u00f6\u011frenci al\u0131m\u0131 yapmaktad\u0131r. G\u00fc\u00e7l\u00fc bir desen altyap\u0131s\u0131 ve m\u00fclakatlar i\u00e7in iyi bir sanat tarihi bilgisi gerektiren yetenek s\u0131navlar\u0131 i\u00e7in ;<\/p>\n<p>\u2013 \u00d6l\u00e7\u00fc al\u0131m\u0131 ve uygulamas\u0131<\/p>\n<p>\u2013 Oran-orant\u0131 (Proporsiyon)<\/p>\n<p>\u2013 Obje \u00e7izimi (nat\u00fcrmort)<\/p>\n<p>\u2013 Canl\u0131 model<\/p>\n<p>\u2013 Slayt g\u00f6sterisi ile sanat tarihi anlat\u0131m\u0131<\/p>\n<p>\u2013 Suluboya<\/p>\n<p>\u2013 Kolaj<\/p>\n<p>\u2013 Mekan \u00e7izimi<\/p>\n<p>\u2013 Marker tekni\u011fi \u00e7al\u0131\u015f\u0131lmaktad\u0131r.[\/vc_column_text][vc_empty_space hide_on_mobile=&#8221;&#8221;][vc_single_image image=&#8221;1218&#8243; img_size=&#8221;full&#8221;][\/vc_column][\/vc_row]<\/p>\n<\/section>","protected":false},"excerpt":{"rendered":"<p>[vc_row css=&#8221;.vc_custom_1691912931179{margin-top: -64px !important;}&#8221;][vc_column][vc_column_text] G\u00fczel Sanatlar Fak\u00fcltelerine Haz\u0131rl\u0131k [\/vc_column_text][vc_empty_space height=&#8221;64px&#8221; hide_on_mobile=&#8221;&#8221;][vc_column_text]G\u00fczel sanatlar fak\u00fclteleri kendi b\u00fcnyesinde a\u00e7\u0131klad\u0131\u011f\u0131 \u00d6SS taban puan\u0131n\u0131n yan\u0131s\u0131ra \u00fc\u00e7 a\u015famal\u0131 yetenek s\u0131nav\u0131 ile \u00f6\u011frenci al\u0131m\u0131 yapmaktad\u0131r. G\u00fc\u00e7l\u00fc bir desen altyap\u0131s\u0131 ve m\u00fclakatlar i\u00e7in iyi bir sanat tarihi bilgisi gerektiren yetenek s\u0131navlar\u0131 i\u00e7in ; \u2013 \u00d6l\u00e7\u00fc al\u0131m\u0131 ve uygulamas\u0131 \u2013 Oran-orant\u0131 (Proporsiyon) \u2013 Obje \u00e7izimi (nat\u00fcrmort) \u2013 Canl\u0131 model \u2013 Slayt g\u00f6sterisi ile sanat tarihi anlat\u0131m\u0131 \u2013 Suluboya \u2013 Kolaj \u2013 Mekan \u00e7izimi \u2013 Marker tekni\u011fi \u00e7al\u0131\u015f\u0131lmaktad\u0131r.[\/vc_column_text][vc_empty_space hide_on_mobile=&#8221;&#8221;][vc_single_image image=&#8221;1218&#8243; img_size=&#8221;full&#8221;][\/vc_column][\/vc_row]<\/p>\n","protected":false},"author":1,"featured_media":1218,"parent":0,"menu_order":0,"comment_status":"closed","ping_status":"closed","template":"","meta":{"footnotes":""},"class_list":["post-1256","page","type-page","status-publish","has-post-thumbnail","hentry"],"_links":{"self":[{"href":"https:\/\/eryamansanat.com\/index.php?rest_route=\/wp\/v2\/pages\/1256","targetHints":{"allow":["GET"]}}],"collection":[{"href":"https:\/\/eryamansanat.com\/index.php?rest_route=\/wp\/v2\/pages"}],"about":[{"href":"https:\/\/eryamansanat.com\/index.php?rest_route=\/wp\/v2\/types\/page"}],"author":[{"embeddable":true,"href":"https:\/\/eryamansanat.com\/index.php?rest_route=\/wp\/v2\/users\/1"}],"replies":[{"embeddable":true,"href":"https:\/\/eryamansanat.com\/index.php?rest_route=%2Fwp%2Fv2%2Fcomments&post=1256"}],"version-history":[{"count":2,"href":"https:\/\/eryamansanat.com\/index.php?rest_route=\/wp\/v2\/pages\/1256\/revisions"}],"predecessor-version":[{"id":1258,"href":"https:\/\/eryamansanat.com\/index.php?rest_route=\/wp\/v2\/pages\/1256\/revisions\/1258"}],"wp:featuredmedia":[{"embeddable":true,"href":"https:\/\/eryamansanat.com\/index.php?rest_route=\/wp\/v2\/media\/1218"}],"wp:attachment":[{"href":"https:\/\/eryamansanat.com\/index.php?rest_route=%2Fwp%2Fv2%2Fmedia&parent=1256"}],"curies":[{"name":"wp","href":"https:\/\/api.w.org\/{rel}","templated":true}]}}