{"id":1259,"date":"2023-08-13T07:55:21","date_gmt":"2023-08-13T07:55:21","guid":{"rendered":"http:\/\/eryamansanat.com\/?page_id=1259"},"modified":"2023-08-13T07:55:21","modified_gmt":"2023-08-13T07:55:21","slug":"yetiskin-resim-atolyesi","status":"publish","type":"page","link":"https:\/\/eryamansanat.com\/?page_id=1259","title":{"rendered":"Yeti\u015fkin Resim At\u00f6lyesi"},"content":{"rendered":"<section class=\"wpb-content-wrapper\"><p>[vc_row css=&#8221;.vc_custom_1691913249390{margin-top: -64px !important;}&#8221;][vc_column][vc_column_text]<\/p>\n<h3 style=\"text-align: center;\"><strong>Yeti\u015fkin Resim At\u00f6lyesi<\/strong><\/h3>\n<p>[\/vc_column_text][vc_empty_space height=&#8221;64px&#8221; hide_on_mobile=&#8221;&#8221;][vc_column_text]Yo\u011fun i\u015f temponuzdan bir an olsun uzakla\u015fmak, kendinize vakit ay\u0131rmak, \u00fcretmenin mutlulu\u011funu ya\u015famak, dinlenmek ve tazelenmek, sanatla i\u00e7 i\u00e7e olmak, duvarlar\u0131n\u0131z\u0131 kendi hayallerinizle s\u00fcslemek, yeni dostlar edinmek isterseniz,<\/p>\n<p><strong>GEL\u0130N B\u0130RL\u0130KTE RES\u0130M YAPALIM.<\/strong>[\/vc_column_text][vc_empty_space hide_on_mobile=&#8221;&#8221;][vc_single_image image=&#8221;1220&#8243; img_size=&#8221;full&#8221;][\/vc_column][\/vc_row]<\/p>\n<\/section>","protected":false},"excerpt":{"rendered":"<p>[vc_row css=&#8221;.vc_custom_1691913249390{margin-top: -64px !important;}&#8221;][vc_column][vc_column_text] Yeti\u015fkin Resim At\u00f6lyesi [\/vc_column_text][vc_empty_space height=&#8221;64px&#8221; hide_on_mobile=&#8221;&#8221;][vc_column_text]Yo\u011fun i\u015f temponuzdan bir an olsun uzakla\u015fmak, kendinize vakit ay\u0131rmak, \u00fcretmenin mutlulu\u011funu ya\u015famak, dinlenmek ve tazelenmek, sanatla i\u00e7 i\u00e7e olmak, duvarlar\u0131n\u0131z\u0131 kendi hayallerinizle s\u00fcslemek, yeni dostlar edinmek isterseniz, GEL\u0130N B\u0130RL\u0130KTE RES\u0130M YAPALIM.[\/vc_column_text][vc_empty_space hide_on_mobile=&#8221;&#8221;][vc_single_image image=&#8221;1220&#8243; img_size=&#8221;full&#8221;][\/vc_column][\/vc_row]<\/p>\n","protected":false},"author":1,"featured_media":1220,"parent":0,"menu_order":0,"comment_status":"closed","ping_status":"closed","template":"","meta":{"footnotes":""},"class_list":["post-1259","page","type-page","status-publish","has-post-thumbnail","hentry"],"_links":{"self":[{"href":"https:\/\/eryamansanat.com\/index.php?rest_route=\/wp\/v2\/pages\/1259","targetHints":{"allow":["GET"]}}],"collection":[{"href":"https:\/\/eryamansanat.com\/index.php?rest_route=\/wp\/v2\/pages"}],"about":[{"href":"https:\/\/eryamansanat.com\/index.php?rest_route=\/wp\/v2\/types\/page"}],"author":[{"embeddable":true,"href":"https:\/\/eryamansanat.com\/index.php?rest_route=\/wp\/v2\/users\/1"}],"replies":[{"embeddable":true,"href":"https:\/\/eryamansanat.com\/index.php?rest_route=%2Fwp%2Fv2%2Fcomments&post=1259"}],"version-history":[{"count":1,"href":"https:\/\/eryamansanat.com\/index.php?rest_route=\/wp\/v2\/pages\/1259\/revisions"}],"predecessor-version":[{"id":1260,"href":"https:\/\/eryamansanat.com\/index.php?rest_route=\/wp\/v2\/pages\/1259\/revisions\/1260"}],"wp:featuredmedia":[{"embeddable":true,"href":"https:\/\/eryamansanat.com\/index.php?rest_route=\/wp\/v2\/media\/1220"}],"wp:attachment":[{"href":"https:\/\/eryamansanat.com\/index.php?rest_route=%2Fwp%2Fv2%2Fmedia&parent=1259"}],"curies":[{"name":"wp","href":"https:\/\/api.w.org\/{rel}","templated":true}]}}