{"id":1261,"date":"2023-08-13T07:57:39","date_gmt":"2023-08-13T07:57:39","guid":{"rendered":"http:\/\/eryamansanat.com\/?page_id=1261"},"modified":"2023-08-13T07:57:39","modified_gmt":"2023-08-13T07:57:39","slug":"cocuk-resim-atolyesi","status":"publish","type":"page","link":"https:\/\/eryamansanat.com\/?page_id=1261","title":{"rendered":"\u00c7ocuk Resim At\u00f6lyesi"},"content":{"rendered":"<section class=\"wpb-content-wrapper\"><p>[vc_row css=&#8221;.vc_custom_1691913415058{margin-top: -64px !important;}&#8221;][vc_column][vc_column_text]<\/p>\n<h3 style=\"text-align: center;\"><strong>\u00c7ocuk Resim At\u00f6lyesi<\/strong><\/h3>\n<p>[\/vc_column_text][vc_empty_space height=&#8221;64px&#8221; hide_on_mobile=&#8221;&#8221;][vc_column_text]\u00c7ocuklar\u0131n\u0131za resmi sevdirmek, yarat\u0131c\u0131l\u0131\u011f\u0131n\u0131 ke\u015ffetmesini sa\u011flamak ve renklerin \u0131\u015f\u0131lt\u0131l\u0131 d\u00fcnyas\u0131nda \u00f6zg\u00fcvenini y\u00fckselterek hayata daha mutlu bir \u015fekilde adapte olmas\u0131n\u0131 sa\u011flamak i\u00e7in \u00e7ocuklar\u0131n\u0131z\u0131 resim at\u00f6lyemize bekliyoruz.<\/p>\n<p><strong>Neden G\u00f6rsel Sanat E\u011fitimi?<\/strong><\/p>\n<p>\u2013 G\u00f6rsel alg\u0131 becerisi geli\u015fir,<br \/>\n\u2013 Kavrama becerisi geli\u015fir,<br \/>\n\u2013 Planlama becerisi geli\u015fir,<br \/>\n\u2013 Ki\u015fisel disiplin seviyesi artar,<span class=\"text_exposed_show\"><br \/>\n\u2013 Estetik duygular geli\u015fir,<br \/>\n\u2013 \u00dcretmenin mutlulu\u011fu ya\u015fan\u0131r,<br \/>\n\u2013 Kendine g\u00fcven duygusu geli\u015fir.<\/span>[\/vc_column_text][vc_empty_space hide_on_mobile=&#8221;&#8221;][vc_single_image image=&#8221;1222&#8243; img_size=&#8221;full&#8221;][\/vc_column][\/vc_row]<\/p>\n<\/section>","protected":false},"excerpt":{"rendered":"<p>[vc_row css=&#8221;.vc_custom_1691913415058{margin-top: -64px !important;}&#8221;][vc_column][vc_column_text] \u00c7ocuk Resim At\u00f6lyesi [\/vc_column_text][vc_empty_space height=&#8221;64px&#8221; hide_on_mobile=&#8221;&#8221;][vc_column_text]\u00c7ocuklar\u0131n\u0131za resmi sevdirmek, yarat\u0131c\u0131l\u0131\u011f\u0131n\u0131 ke\u015ffetmesini sa\u011flamak ve renklerin \u0131\u015f\u0131lt\u0131l\u0131 d\u00fcnyas\u0131nda \u00f6zg\u00fcvenini y\u00fckselterek hayata daha mutlu bir \u015fekilde adapte olmas\u0131n\u0131 sa\u011flamak i\u00e7in \u00e7ocuklar\u0131n\u0131z\u0131 resim at\u00f6lyemize bekliyoruz. Neden G\u00f6rsel Sanat E\u011fitimi? \u2013 G\u00f6rsel alg\u0131 becerisi geli\u015fir, \u2013 Kavrama becerisi geli\u015fir, \u2013 Planlama becerisi geli\u015fir, \u2013 Ki\u015fisel disiplin seviyesi artar, \u2013 Estetik duygular geli\u015fir, \u2013 \u00dcretmenin mutlulu\u011fu ya\u015fan\u0131r, \u2013 Kendine g\u00fcven duygusu geli\u015fir.[\/vc_column_text][vc_empty_space hide_on_mobile=&#8221;&#8221;][vc_single_image image=&#8221;1222&#8243; img_size=&#8221;full&#8221;][\/vc_column][\/vc_row]<\/p>\n","protected":false},"author":1,"featured_media":1222,"parent":0,"menu_order":0,"comment_status":"closed","ping_status":"closed","template":"","meta":{"footnotes":""},"class_list":["post-1261","page","type-page","status-publish","has-post-thumbnail","hentry"],"_links":{"self":[{"href":"https:\/\/eryamansanat.com\/index.php?rest_route=\/wp\/v2\/pages\/1261","targetHints":{"allow":["GET"]}}],"collection":[{"href":"https:\/\/eryamansanat.com\/index.php?rest_route=\/wp\/v2\/pages"}],"about":[{"href":"https:\/\/eryamansanat.com\/index.php?rest_route=\/wp\/v2\/types\/page"}],"author":[{"embeddable":true,"href":"https:\/\/eryamansanat.com\/index.php?rest_route=\/wp\/v2\/users\/1"}],"replies":[{"embeddable":true,"href":"https:\/\/eryamansanat.com\/index.php?rest_route=%2Fwp%2Fv2%2Fcomments&post=1261"}],"version-history":[{"count":1,"href":"https:\/\/eryamansanat.com\/index.php?rest_route=\/wp\/v2\/pages\/1261\/revisions"}],"predecessor-version":[{"id":1262,"href":"https:\/\/eryamansanat.com\/index.php?rest_route=\/wp\/v2\/pages\/1261\/revisions\/1262"}],"wp:featuredmedia":[{"embeddable":true,"href":"https:\/\/eryamansanat.com\/index.php?rest_route=\/wp\/v2\/media\/1222"}],"wp:attachment":[{"href":"https:\/\/eryamansanat.com\/index.php?rest_route=%2Fwp%2Fv2%2Fmedia&parent=1261"}],"curies":[{"name":"wp","href":"https:\/\/api.w.org\/{rel}","templated":true}]}}